{"id":58,"date":"2023-11-17T10:28:58","date_gmt":"2023-11-17T10:28:58","guid":{"rendered":"https:\/\/fizjoart.lubin.pl\/?page_id=58"},"modified":"2025-03-09T11:39:00","modified_gmt":"2025-03-09T11:39:00","slug":"fizjoterapia-lubin","status":"publish","type":"page","link":"https:\/\/fizjoart.lubin.pl\/","title":{"rendered":"Fizjoterapia dla dzieci i doros\u0142ych Lubin"},"content":{"rendered":"\n    \n    <section class=\"u-clearfix u-image u-section-2\" id=\"carousel_5c7b\" data-image-width=\"6048\" data-image-height=\"4024\" style=\"background-image: url(&quot;https:\/\/fizjoart.lubin.pl\/wp-content\/uploads\/2023\/11\/kobieta-na-sesji-fizjoterapeutycznej2.jpg&quot;);\">\n      <div class=\"u-clearfix u-sheet u-sheet-1\">\n        <div class=\"custom-expanded u-container-style u-group u-white u-group-1\" data-animation-name=\"slideIn\" data-animation-duration=\"2000\" data-animation-direction=\"Left\">\n          <div class=\"u-container-layout u-valign-top-xs u-container-layout-1\">\n            <h1 class=\"u-custom-font u-font-ubuntu u-text u-title u-text-1\">NOWOCZESNA FIZJOTERAPIA<br>w twoim domu<br>\n            <\/h1>\n            <p class=\"u-align-justify u-text u-text-2\">Terapia dzieci i doros\u0142ych w Lubinie<br> i okolicach z indywidualnie dopasowanymi tech\u200bnikami manualnymi oraz \u0107wiczeniami poprzedzona wywiadem fizjoterapeutycznym\n            <\/p>\n          <\/div>\n        <\/div>\n      <\/div>\n    <\/section>\n    <section class=\"u-align-center u-clearfix u-section-3\" id=\"carousel_3674\">\n      <div class=\"u-clearfix u-sheet u-sheet-1\">\n        <h2 class=\"u-align-center u-custom-font u-font-ubuntu u-text u-text-body-color u-text-1\"> Profesjonalna pomoc w dolegliwo\u015bciach zwi\u0105zanych z:<\/h2>\n        <div class=\"data-layout-selected u-clearfix u-expanded-width u-layout-wrap u-layout-wrap-1\">\n          <div class=\"u-layout\" style=\"\">\n            <div class=\"u-layout-row\" style=\"\">\n              <div class=\"u-container-style u-image u-layout-cell u-left-cell u-size-33-lg u-size-33-md u-size-33-sm u-size-33-xs u-size-35-xl u-image-1\" data-image-width=\"5890\" data-image-height=\"3919\" data-animation-name=\"slideIn\" data-animation-duration=\"2000\" data-animation-direction=\"Left\" style=\"background-image: url(&quot;https:\/\/fizjoart.lubin.pl\/wp-content\/uploads\/2023\/11\/fizjoterapeutka-pomagajaca-pacjentce-w-jej-klinice.jpg&quot;);\">\n                <div class=\"u-container-layout u-container-layout-1\"><\/div>\n              <\/div>\n              <div class=\"u-container-style u-layout-cell u-size-25-xl u-size-27-lg u-size-27-md u-size-27-sm u-size-27-xs u-layout-cell-2\">\n                <div class=\"u-container-layout u-container-layout-2\">\n                  <ul class=\"u-custom-font u-font-ubuntu u-spacing-7 u-text u-text-2\">\n                    <li> b\u00f3lami np. plec\u00f3w, szyi, barku <\/li>\n                    <li> zwyrodnieniami staw\u00f3w <\/li>\n                    <li> przeci\u0105\u017ceniami mi\u0119\u015bni oraz staw\u00f3w&nbsp; <\/li>\n                    <li> stanami pourazowymi oraz kontuzjami&nbsp; <\/li>\n                    <li> bliznami <\/li>\n                    <li> powrotem do sprawno\u015bci po zabiegach operacyjnych <\/li>\n                    <li> b\u00f3lami w obr\u0119bie st\u00f3p <\/li>\n                  <\/ul>\n                <\/div>\n              <\/div>\n            <\/div>\n          <\/div>\n        <\/div>\n      <\/div>\n    <\/section>\n    <section class=\"u-align-center-lg u-align-center-md u-align-center-sm u-align-center-xl u-align-left-xs u-clearfix u-section-4\" id=\"carousel_fcf3\">\n      <div class=\"u-clearfix u-sheet u-valign-middle u-sheet-1\">\n        <h2 class=\"u-align-center u-custom-font u-font-ubuntu u-text u-text-body-color u-text-1\">oferta<\/h2>\n        <p class=\"u-align-center-xs u-text u-text-2\"> Kompleksowa fizjoterapia dla dzieci i doros\u0142ych na terenie Lubina i okolic poprzedzona wywiadem fizjoterapeutycznym. Indywidualnie dobrane techniki manualne i \u0107wiczenia.<\/p>\n        <div class=\"u-expanded-width u-list u-list-1\">\n          <div class=\"u-repeater u-repeater-1\">\n            <div class=\"u-container-style u-custom-color-1 u-list-item u-radius-10 u-repeater-item u-shape-round u-list-item-1\" data-animation-name=\"flipIn\" data-animation-duration=\"2000\" data-animation-direction=\"X\">\n              <div class=\"u-container-layout u-similar-container u-container-layout-1\">\n                <h4 class=\"u-align-left u-custom-font u-font-ubuntu u-text u-text-white u-text-3\"><b>Masa\u017c leczniczy<\/b>\n                <\/h4>\n                <p class=\"u-align-justify u-text u-text-4\"> Podstawowy element w leczeniu\n\tdolegliwo\u015bci b\u00f3lowych narz\u0105du ruchu. Niweluje napi\u0119cia mi\u0119\u015bniowe\n\toraz przynosi ulg\u0119 bol\u0105cym partiom cia\u0142a. <\/p>\n              <\/div>\n            <\/div>\n            <div class=\"u-container-style u-custom-color-1 u-list-item u-radius-10 u-repeater-item u-shape-round u-video-cover\" data-animation-name=\"flipIn\" data-animation-duration=\"2000\" data-animation-direction=\"X\">\n              <div class=\"u-container-layout u-similar-container u-container-layout-2\">\n                <h4 class=\"u-align-left u-custom-font u-font-ubuntu u-text u-text-white u-text-5\"><b>Kinezjotaping<\/b>\n                <\/h4>\n                <p class=\"u-align-justify u-text u-text-6\"> Stosowany w r\u00f3\u017cnego rodzaju\n\tdysfunkcjach uk\u0142adu mi\u0119\u015bniowo-stawowego (np. stawu kolanowego,\n\tskokowego, \u0142okciowego a tak\u017ce kr\u0119gos\u0142upa). <\/p>\n              <\/div>\n            <\/div>\n            <div class=\"u-container-style u-custom-color-1 u-list-item u-radius-10 u-repeater-item u-shape-round u-video-cover\" data-animation-name=\"flipIn\" data-animation-duration=\"2000\" data-animation-direction=\"X\">\n              <div class=\"u-container-layout u-similar-container u-container-layout-3\">\n                <h4 class=\"u-align-left u-custom-font u-font-ubuntu u-text u-text-white u-text-7\"><b>Rehabilitacja ruchowa<\/b>\n                <\/h4>\n                <p class=\"u-align-justify u-text u-text-8\"> \u0106wiczenia fizyczne o\ncharakterze leczniczym zwi\u0119kszaj\u0105 wytrzyma\u0142o\u015b\u0107 mi\u0119\u015bni,\npoprawiaj\u0105 wydolno\u015b\u0107 organizmu i koryguj\u0105 nieprawid\u0142owe nawyki ruchowe.&nbsp;<\/p>\n              <\/div>\n            <\/div>\n            <div class=\"u-container-style u-custom-color-1 u-list-item u-radius-10 u-repeater-item u-shape-round u-video-cover\" data-animation-name=\"flipIn\" data-animation-duration=\"2000\" data-animation-direction=\"X\">\n              <div class=\"u-container-layout u-similar-container u-container-layout-4\">\n                <h4 class=\"u-align-left u-custom-font u-font-ubuntu u-text u-text-white u-text-9\"><b>Terapia<\/b>\n                  <br><b>blizny<\/b>\n                <\/h4>\n                <p class=\"u-align-justify u-text u-text-10\"> Wcze\u015bnie rozpocz\u0119ta pozwala na zachowanie mobilno\u015bci tkanek zlokalizowanych w obr\u0119bie blizny i tkanek j\u0105 otaczaj\u0105cych, co mo\u017ce niwelowa\u0107 negatywny wp\u0142yw blizny.<\/p>\n              <\/div>\n            <\/div>\n            <div class=\"u-container-style u-custom-color-1 u-list-item u-radius-10 u-repeater-item u-shape-round u-video-cover\" data-animation-name=\"flipIn\" data-animation-duration=\"2000\" data-animation-direction=\"X\">\n              <div class=\"u-container-layout u-similar-container u-container-layout-5\">\n                <h4 class=\"u-align-left u-custom-font u-font-ubuntu u-text u-text-white u-text-11\"><b>Globalna terapia stopy<\/b>\n                <\/h4>\n                <p class=\"u-align-justify u-text u-text-12\"> Kompleksowe podej\u015bcie do pacjenta z problemami w obr\u0119bie ko\u0144czyn dolnych, takimi jak paluch ko\u015blawy, dolegliwo\u015bci b\u00f3lowe st\u00f3p, ko\u015blawo\u015b\u0107 staw\u00f3w skokowych itp.<\/p>\n              <\/div>\n            <\/div>\n            <div class=\"u-container-style u-custom-color-1 u-list-item u-radius-10 u-repeater-item u-shape-round u-video-cover\" data-animation-name=\"flipIn\" data-animation-duration=\"2000\" data-animation-direction=\"X\">\n              <div class=\"u-container-layout u-similar-container u-container-layout-6\">\n                <h4 class=\"u-align-left u-custom-font u-font-ubuntu u-text u-text-white u-text-13\"><b>Wisceralna terapia brzucha<\/b>\n                <\/h4>\n                <p class=\"u-align-justify u-text u-text-14\"> Praca na jamie brzusznej prowadzi do poprawy cyrkulacji p\u0142yn\u00f3w ustrojowych i pracy gruczo\u0142\u00f3w, co wp\u0142ywa na lepsz\u0105 prac\u0119 narz\u0105d\u00f3w wewn\u0119trznych.<\/p>\n              <\/div>\n            <\/div>\n          <\/div>\n        <\/div>\n      <\/div>\n    <\/section>\n    <section class=\"u-align-center u-clearfix u-section-5\" id=\"carousel_4e3e\">\n      <div class=\"u-clearfix u-sheet u-sheet-1\">\n        <h2 class=\"u-align-center u-custom-font u-font-ubuntu u-text u-text-black u-text-1\">o mnie<\/h2>\n        <div class=\"data-layout-selected u-clearfix u-expanded-width u-layout-wrap u-layout-wrap-1\">\n          <div class=\"u-layout\" style=\"\">\n            <div class=\"u-layout-row\" style=\"\">\n              <div class=\"u-align-justify u-container-style u-layout-cell u-size-34 u-layout-cell-1\">\n                <div class=\"u-container-layout u-container-layout-1\">\n                  <p class=\"u-spacing-7 u-text u-text-2\">Nazywam si\u0119 Monika Hudak i jestem\nfizjoterapeutk\u0105 zajmuj\u0105c\u0105 si\u0119 terapi\u0105 dzieci i doros\u0142ych. Swoj\u0105 dzia\u0142alno\u015b\u0107 prowadz\u0119 na terenie Lubina i jego okolicach. W\npracy z pacjentem skupiam si\u0119 przede wszystkim na zmniejszeniu dolegliwo\u015bci b\u00f3lowych\noraz wprowadzeniu poprawnego wzorca ruchowego w codziennym\nfunkcjonowaniu. Wykorzystuj\u0119 r\u00f3\u017cnorodne techniki pracy manualnej\noraz \u0107wiczenia, kt\u00f3re dobieram indywidualnie do potrzeb ka\u017cdego\npacjenta. Stale poszerzam swoj\u0105 wiedz\u0119 bior\u0105c udzia\u0142 w kursach,\naby m\u00f3c skuteczniej pomaga\u0107 pacjentom.<br>\n                    <br> Jestem absolwentk\u0105 Wydzia\u0142u\nFizjoterapii Akademii Wychowania Fizycznego we Wroc\u0142awiu oraz\nstudi\u00f3w podyplomowych na Wydziale Studi\u00f3w Edukacyjnych Wy\u017cszej\nSzko\u0142y Edukacji i Terapii im. prof. Kazimiery Milanowskiej w\nPoznaniu w zakresie Ortopodologii.<br>\n                    <br>\n                  <\/p>\n                <\/div>\n              <\/div>\n              <div class=\"u-container-style u-image u-layout-cell u-left-cell u-size-26 u-image-1\" data-image-width=\"599\" data-image-height=\"642\" data-animation-name=\"customAnimationIn\" data-animation-duration=\"1000\" data-animation-direction=\"Left\" style=\"background-image: url(&quot;https:\/\/fizjoart.lubin.pl\/wp-content\/uploads\/2023\/11\/test.jpg&quot;);\">\n                <div class=\"u-container-layout u-container-layout-2\"><\/div>\n              <\/div>\n            <\/div>\n          <\/div>\n        <\/div>\n        <div class=\"u-expanded-width u-list u-list-1\">\n          <div class=\"u-repeater u-repeater-1\">\n            <div class=\"u-align-center u-container-style u-custom-color-2 u-list-item u-radius-10 u-repeater-item u-shape-round u-video-cover\" data-animation-name=\"flipIn\" data-animation-duration=\"2000\" data-animation-direction=\"X\">\n              <div class=\"u-container-layout u-similar-container u-container-layout-3\">\n                <p class=\"u-text u-text-3\"> DOJAZD DO PACJENTA<br>Fizjoterapia dla dzieci i doros\u0142ych<br> z dojazdem do pacjenta w Lubinie oraz okolicach \n                <\/p>\n              <\/div>\n            <\/div>\n            <div class=\"u-align-center u-container-style u-custom-color-2 u-list-item u-radius-10 u-repeater-item u-shape-round u-video-cover\" data-animation-name=\"flipIn\" data-animation-duration=\"2000\" data-animation-direction=\"X\">\n              <div class=\"u-container-layout u-similar-container u-container-layout-4\">\n                <p class=\"u-text u-text-4\"> WYSOKIE KWALIFIKACJE <br>poprzedzone szkoleniami, np. Pinoterapia, FDM (Fascial Distortion Model), Globalna Terapia Stopy, kinezjotaping\n                <\/p>\n              <\/div>\n            <\/div>\n            <div class=\"u-align-center u-container-style u-custom-color-2 u-list-item u-radius-10 u-repeater-item u-shape-round u-list-item-3\" data-animation-name=\"flipIn\" data-animation-duration=\"2000\" data-animation-direction=\"X\">\n              <div class=\"u-container-layout u-similar-container u-container-layout-5\">\n                <p class=\"u-text u-text-5\"> SZYBKA REALIZACJA <br>Dogodne terminy i kr\u00f3tki czas<br> oczekiwania na wizyt\u0119 \n                <\/p>\n              <\/div>\n            <\/div>\n          <\/div>\n        <\/div>\n      <\/div>\n    <\/section>\n    <section class=\"u-align-center u-clearfix u-custom-color-1 u-section-6\" id=\"carousel_c935\">\n      <div class=\"u-clearfix u-sheet u-sheet-1\">\n        <h2 class=\"u-custom-font u-font-ubuntu u-text u-text-1\">kontakt<\/h2>\n        <div class=\"data-layout-selected u-clearfix u-expanded-width u-layout-wrap u-layout-wrap-1\">\n          <div class=\"u-layout\" style=\"\">\n            <div class=\"u-layout-col\" style=\"\">\n              <div class=\"u-size-60\">\n                <div class=\"u-layout-row\">\n                  <div class=\"u-align-center u-container-style u-layout-cell u-size-30 u-layout-cell-1\">\n                    <div class=\"u-container-layout u-container-layout-1\">\n                      <h6 class=\"u-align-left u-custom-font u-text u-text-font u-text-white u-text-2\">Skontaktuj si\u0119 ze mn\u0105! Wype\u0142nij poni\u017cszy formularz<\/h6>\n                      <div class=\"custom-expanded u-form u-form-1\">\n                        <form action=\"https:\/\/forms.nicepagesrv.com\/v2\/form\/process\" class=\"u-clearfix u-form-spacing-10 u-form-vertical u-inner-form\" style=\"padding: 0;\" source=\"email\" name=\"form\">\n                          <div class=\"u-form-group u-form-name\">\n                            <label for=\"name-3d90\" class=\"u-form-control-hidden u-label\">Name<\/label>\n                            <input type=\"text\" placeholder=\"Wpisz imi\u0119\" id=\"name-3d90\" name=\"name\" class=\"u-input u-input-rectangle\" required=\"\">\n                          <\/div>\n                          <div class=\"u-form-email u-form-group\">\n                            <label for=\"email-3d90\" class=\"u-form-control-hidden u-label\">Email<\/label>\n                            <input type=\"email\" placeholder=\"Wpisz adres email\" id=\"email-3d90\" name=\"email\" class=\"u-input u-input-rectangle\" required=\"\">\n                          <\/div>\n                          <div class=\"u-form-group u-form-message\">\n                            <label for=\"message-3d90\" class=\"u-form-control-hidden u-label\">Message<\/label>\n                            <textarea placeholder=\"Napisz wiadomo\u015b\u0107\" rows=\"4\" cols=\"50\" id=\"message-3d90\" name=\"message\" class=\"u-input u-input-rectangle\" required=\"\"><\/textarea>\n                          <\/div>\n                          <div class=\"u-align-left u-form-group u-form-submit\">\n                            <a href=\"#\" class=\"u-border-none u-btn u-btn-rectangle u-btn-submit u-button-style u-custom-color-2 u-btn-1\">wy\u015blij<\/a>\n                            <input type=\"submit\" value=\"submit\" class=\"u-form-control-hidden\">\n                          <\/div>\n                          <div class=\"u-form-send-message u-form-send-success\">Dzi\u0119kujemy! Twoja wiadomo\u015b\u0107 zosta\u0142a wys\u0142ana. Wkr\u00f3tce skontaktujemy si\u0119 z Tob\u0105.<\/div>\n                          <div class=\"u-form-send-error u-form-send-message\">Nie mo\u017cna wys\u0142a\u0107 Twojej wiadomo\u015bci. Popraw b\u0142\u0119dy i spr\u00f3buj ponownie.<\/div>\n                          <input type=\"hidden\" value=\"\" name=\"recaptchaResponse\">\n                          <input type=\"hidden\" name=\"formServices\" value=\"930d7617-8dcb-92f1-59be-8d122dd3014e\">\n                          <input type=\"hidden\" name=\"siteKey\" value=\"6LcwCN4qAAAAABMDJKSVsKXd_xJaCBW7xTcsoDVx\">\n                        <\/form>\n                      <\/div>\n                    <\/div>\n                  <\/div>\n                  <div class=\"u-container-style u-layout-cell u-right-cell u-size-30 u-layout-cell-2\">\n                    <div class=\"u-container-layout u-valign-top-sm u-valign-top-xs u-container-layout-2\">\n                      <div class=\"custom-expanded u-list u-list-1\">\n                        <div class=\"u-repeater u-repeater-1\">\n                          <div class=\"u-align-center u-container-style u-list-item u-repeater-item\">\n                            <div class=\"u-container-layout u-similar-container u-container-layout-3\">\n                              <img decoding=\"async\" class=\"u-image u-image-default u-preserve-proportions u-image-1\" src=\"https:\/\/fizjoart.lubin.pl\/wp-content\/uploads\/2023\/11\/d7b1c18e.png\" alt=\"Fizjoart fizjoterapia Lubin mail\" data-image-width=\"128\" data-image-height=\"128\">\n                              <h3 class=\"u-custom-font u-font-ubuntu u-text u-text-3\">Telefon<\/h3>\n                              <p class=\"u-text u-text-4\">\n                                <a href=\"tel:661 456 828\" class=\"u-btn u-button-link u-button-style u-none u-text-active-custom-color-2 u-text-hover-custom-color-2 u-text-white u-btn-2\"> 661 456 828<\/a>\n                              <\/p>\n                            <\/div>\n                          <\/div>\n                          <div class=\"u-align-center u-container-style u-list-item u-repeater-item\">\n                            <div class=\"u-container-layout u-similar-container u-container-layout-4\">\n                              <img decoding=\"async\" class=\"u-image u-image-default u-preserve-proportions u-image-2\" src=\"https:\/\/fizjoart.lubin.pl\/wp-content\/uploads\/2023\/11\/b1f182f1.png\" alt=\"Fizjoart fizjoterapia Lubin mail\" data-image-width=\"128\" data-image-height=\"128\">\n                              <h3 class=\"u-custom-font u-font-ubuntu u-text u-text-5\">Mail<\/h3>\n                              <p class=\"u-text u-text-6\">\n                                <a href=\"mailto:biuro@fizjoart.lubin.pl\" class=\"u-btn u-button-link u-button-style u-none u-text-active-custom-color-2 u-text-hover-custom-color-2 u-text-white u-btn-3\">biuro@fizjoart.lubin.pl<\/a>\n                              <\/p>\n                            <\/div>\n                          <\/div>\n                        <\/div>\n                      <\/div>\n                    <\/div>\n                  <\/div>\n                <\/div>\n              <\/div>\n            <\/div>\n          <\/div>\n        <\/div>\n      <\/div>\n    <\/section>\n    \n    \n    \n  \n","protected":false},"excerpt":{"rendered":"<p>NOWOCZESNA FIZJOTERAPIAw twoim domu Terapia dzieci i doros\u0142ych w Lubinie i okolicach z indywidualnie dopasowanymi tech\u200bnikami manualnymi oraz \u0107wiczeniami poprzedzona wywiadem fizjoterapeutycznym Profesjonalna pomoc w dolegliwo\u015bciach zwi\u0105zanych z: b\u00f3lami np. plec\u00f3w, szyi, barku zwyrodnieniami staw\u00f3w przeci\u0105\u017ceniami mi\u0119\u015bni oraz staw\u00f3w&nbsp; stanami pourazowymi oraz kontuzjami&nbsp; bliznami powrotem do sprawno\u015bci po zabiegach operacyjnych b\u00f3lami w obr\u0119bie st\u00f3p oferta &hellip; <a href=\"https:\/\/fizjoart.lubin.pl\/\" class=\"more-link\">Continue reading<span class=\"screen-reader-text\"> &#8222;Fizjoterapia dla dzieci i doros\u0142ych Lubin&#8221;<\/span><\/a><\/p>\n","protected":false},"author":2,"featured_media":158,"parent":0,"menu_order":1,"comment_status":"closed","ping_status":"closed","template":"","meta":{"om_disable_all_campaigns":false,"_monsterinsights_skip_tracking":false,"_monsterinsights_sitenote_active":false,"_monsterinsights_sitenote_note":"","_monsterinsights_sitenote_category":0,"footnotes":""},"aioseo_notices":[],"_links":{"self":[{"href":"https:\/\/fizjoart.lubin.pl\/index.php?rest_route=\/wp\/v2\/pages\/58"}],"collection":[{"href":"https:\/\/fizjoart.lubin.pl\/index.php?rest_route=\/wp\/v2\/pages"}],"about":[{"href":"https:\/\/fizjoart.lubin.pl\/index.php?rest_route=\/wp\/v2\/types\/page"}],"author":[{"embeddable":true,"href":"https:\/\/fizjoart.lubin.pl\/index.php?rest_route=\/wp\/v2\/users\/2"}],"replies":[{"embeddable":true,"href":"https:\/\/fizjoart.lubin.pl\/index.php?rest_route=%2Fwp%2Fv2%2Fcomments&post=58"}],"version-history":[{"count":20,"href":"https:\/\/fizjoart.lubin.pl\/index.php?rest_route=\/wp\/v2\/pages\/58\/revisions"}],"predecessor-version":[{"id":380,"href":"https:\/\/fizjoart.lubin.pl\/index.php?rest_route=\/wp\/v2\/pages\/58\/revisions\/380"}],"wp:featuredmedia":[{"embeddable":true,"href":"https:\/\/fizjoart.lubin.pl\/index.php?rest_route=\/wp\/v2\/media\/158"}],"wp:attachment":[{"href":"https:\/\/fizjoart.lubin.pl\/index.php?rest_route=%2Fwp%2Fv2%2Fmedia&parent=58"}],"curies":[{"name":"wp","href":"https:\/\/api.w.org\/{rel}","templated":true}]}}